{"id":53,"date":"2019-06-04T12:04:28","date_gmt":"2019-06-04T12:04:28","guid":{"rendered":"http:\/\/mibeeck.de\/wordpress\/?page_id=53"},"modified":"2019-06-04T12:04:28","modified_gmt":"2019-06-04T12:04:28","slug":"arbeitsweise-und-schwerpunkt","status":"publish","type":"page","link":"https:\/\/mibeeck.com\/?page_id=53","title":{"rendered":"Beratungsschwerpunkt"},"content":{"rendered":"\n<h4 class=\"wp-block-heading\">Expertise<\/h4>\n\n\n\n<ul class=\"wp-block-list\"><li>Disaster Recovery Strategieberatung<\/li><li>Cyber Attack Incident Response<\/li><li>Enterprise Backup\/Recovery und Archiv, Compliance Archiving<\/li><li>Prozessverst\u00e4ndnis im Rechenzentrumsbetrieb<\/li><li>Compliance und Compliance-Prozesse im Rechenzentrum<\/li><li>Cloud-Edge, Cloud und Multi-Cloud-Strategien<\/li><li>Marktanalyse, Gutachten z.B. im Vorfeld von Ausschreibungen<\/li><li>Begleitung EU-weiter IT-Ausschreibungen nach VgV, UVgO\u00a0<\/li><li>Branchenkenntnisse Gesundheitswesen, VDA, \u00f6ffentliche Auftraggeber,<br>Auftraggeber der inneren und \u00e4u\u00dferen Sicherheit<\/li><li>Agilit\u00e4t im Rechenzentrum, Data Management, Data as a Service<\/li><li>Virtualisierungs-Strategien im Rechenzentrum (z.B. Kubernetes, Openshift)<\/li><li>Hoch &#8211; und H\u00f6chstverf\u00fcgbarkeit im Rechenzentrum\u00a0<br>(System-, Storage und Servicekonzepte)<\/li><li>Technologie und Infrastruktur in Enterprise Rechenzentren\u00a0<\/li><li>Datenbanken (z.B. Oracle, DB2, MySQL, NoSQL)<\/li><li>Big Data Analytics, Real Time Analytics und Industrial IoT<\/li><\/ul>\n\n\n\n<figure class=\"wp-block-image is-resized\"><img loading=\"lazy\" decoding=\"async\" src=\"http:\/\/mibeeck.de\/wordpress\/wp-content\/uploads\/2020\/02\/iso-iec-27001-foundation.png\" alt=\"\" class=\"wp-image-225\" width=\"88\" height=\"88\"\/><\/figure>\n\n\n\n<h4 class=\"wp-block-heading\">Beratungsschwerpunkt<\/h4>\n\n\n\n<p>Der Beratungsfokus liegt auf Projekten im Umfeld der Modernisierung von Technologien und Prozessen in Enterprise Rechenzentren. Innovative und wirtschaftliche Modelle werden hierbei ebenso betrachtet, wie technologische Ans\u00e4tze aus der Cloud bzw. &#8222;Cloud Edge&#8220; Technologien. Die Kombination aus Prozessen, wirtschaftlichen Betrachtungen und modernster Technologie sind der Schl\u00fcssel f\u00fcr eine zukunftsweisende Ausrichtung des RZ, und damit die Grundlage unseres ganzheitlichen Beratungsansatzes. Die Erfahrung in der Begleitung von EU-weiten Ausschreibungen und Unterst\u00fctzung des Auftraggebers bei der Endabnahme gegen\u00fcber dem Lieferanten, erweitern den Beratungsfokus.<\/p>\n\n\n\n<h4 class=\"wp-block-heading\">Arbeitsweise<\/h4>\n\n\n\n<p>Michael Beeck berichtet i.d.R der Gesch\u00e4fts- bzw. IT &#8211; Leitung des Auftraggebers, und f\u00fchrt im Namen des Auftraggebers ein Projektteam. Mit den Verantwortlichen des Auftraggebers erarbeitet er Strategien und Prozesse, die einem Entscheidungs-gremium des Auftraggebers pr\u00e4sentiert werden.&nbsp;<\/p>\n\n\n\n<p>Bei Bedarf agiert Michael Beeck als Projektleiter im Namen des Auftraggebers. Ebenso k\u00f6nnen &#8222;Proof of Concept (PoC)&#8220; und Endabnahme gegen\u00fcber einem Lieferanten im Namen des Auftraggebers durchgef\u00fchrt bzw. begleitet werden.<\/p>\n\n\n\n<h4 class=\"wp-block-heading\"><strong>Beratungsformat  \u201eWalk \u00b4n Talk\u201c<\/strong><\/h4>\n\n\n\n<p>Das von Michael Beeck bevorzugte Gespr\u00e4chsformat \u201eWalk \u0301n Talk\u201c&nbsp;kombiniert Gespr\u00e4che mit einem Spaziergang oder einer Wanderung in der freien Natur. Neben dem gesundheitlichen Aspekt bietet dieses Format vor allem auch die Umgebung um Gedankengrenzen zu \u00fcberschreiten und neuen Ideen und Visionen Raum zu geben. Ein lockeres Gespr\u00e4ch in der Natur l\u00e4sst die Weiterentwicklung vieler &#8211; manchmal auch verwegener &#8211; Gedanken zu welche in normalen Gespr\u00e4chsumgebungen vielleicht vorschnell verworfen w\u00fcrden. Ebenso f\u00f6rdert dieses Format das Entwickeln von Synergien zwischen Abteilungen und\/oder Unternehmen die auf den ersten Blick keine oder nur wenig Gemeinsamkeiten aufweisen.<br><\/p>\n","protected":false},"excerpt":{"rendered":"<p>Expertise Disaster Recovery Strategieberatung Cyber Attack Incident Response Enterprise Backup\/Recovery und Archiv, Compliance Archiving Prozessverst\u00e4ndnis im Rechenzentrumsbetrieb Compliance und Compliance-Prozesse im Rechenzentrum Cloud-Edge, Cloud und Multi-Cloud-Strategien Marktanalyse, Gutachten z.B. im Vorfeld von Ausschreibungen Begleitung EU-weiter IT-Ausschreibungen nach VgV, UVgO\u00a0 Branchenkenntnisse Gesundheitswesen, VDA, \u00f6ffentliche Auftraggeber,Auftraggeber der inneren und \u00e4u\u00dferen Sicherheit Agilit\u00e4t im Rechenzentrum, Data Management, Data &hellip; <\/p>\n<p class=\"link-more\"><a href=\"https:\/\/mibeeck.com\/?page_id=53\" class=\"more-link\"><span class=\"screen-reader-text\">\u201eBeratungsschwerpunkt\u201c<\/span> weiterlesen<\/a><\/p>\n","protected":false},"author":1,"featured_media":0,"parent":0,"menu_order":0,"comment_status":"closed","ping_status":"closed","template":"","meta":{"footnotes":""},"class_list":["post-53","page","type-page","status-publish","hentry"],"_links":{"self":[{"href":"https:\/\/mibeeck.com\/index.php?rest_route=\/wp\/v2\/pages\/53","targetHints":{"allow":["GET"]}}],"collection":[{"href":"https:\/\/mibeeck.com\/index.php?rest_route=\/wp\/v2\/pages"}],"about":[{"href":"https:\/\/mibeeck.com\/index.php?rest_route=\/wp\/v2\/types\/page"}],"author":[{"embeddable":true,"href":"https:\/\/mibeeck.com\/index.php?rest_route=\/wp\/v2\/users\/1"}],"replies":[{"embeddable":true,"href":"https:\/\/mibeeck.com\/index.php?rest_route=%2Fwp%2Fv2%2Fcomments&post=53"}],"version-history":[{"count":0,"href":"https:\/\/mibeeck.com\/index.php?rest_route=\/wp\/v2\/pages\/53\/revisions"}],"wp:attachment":[{"href":"https:\/\/mibeeck.com\/index.php?rest_route=%2Fwp%2Fv2%2Fmedia&parent=53"}],"curies":[{"name":"wp","href":"https:\/\/api.w.org\/{rel}","templated":true}]}}