{"id":393,"date":"2023-08-07T09:11:20","date_gmt":"2023-08-07T09:11:20","guid":{"rendered":"https:\/\/mibeeck.de\/?page_id=393"},"modified":"2023-08-07T09:11:20","modified_gmt":"2023-08-07T09:11:20","slug":"it-ausschreibung-und-marktgutachten","status":"publish","type":"page","link":"https:\/\/mibeeck.com\/?page_id=393","title":{"rendered":"IT-Ausschreibung und Marktgutachten"},"content":{"rendered":"\n<p><strong>Fachliche Unterst\u00fctzung und Begleitung von europaweiten IT-Ausschreibungsverfahren f\u00fcr Enterprise Data Center und Cloud Technologie.<\/strong> <\/p>\n\n\n\n<h2 class=\"wp-block-heading\">Schwerpunkte der Ausschreibungsunterst\u00fctzung sind:<\/h2>\n\n\n\n<ul class=\"wp-block-list\">\n<li> Betriebsunterst\u00fctzung bzw. Managed Service<\/li>\n\n\n\n<li>Enterprise Data Center Storage Systeme<\/li>\n\n\n\n<li> Backup\/Recovery L\u00f6sungen<\/li>\n\n\n\n<li>Data Management L\u00f6sungen<\/li>\n\n\n\n<li>L\u00f6sungen f\u00fcr IT-Notbetrieb<\/li>\n\n\n\n<li>Datenbank L\u00f6sungen<\/li>\n\n\n\n<li>Data Analytics L\u00f6sungen<\/li>\n\n\n\n<li>Enterprise Software L\u00f6sungen<\/li>\n\n\n\n<li>Cloud<\/li>\n<\/ul>\n\n\n\n<h2 class=\"wp-block-heading\">Bestandsaufnahme, Marktgutachten<\/h2>\n\n\n\n<p>In Zusammenarbeit mit dem Kunden wird im Vorfeld eine Bestandsaufnahme  durchgef\u00fchrt und die Eckpunkte einer k\u00fcnftigen Strategiefest gelegt. Ein vorgeschaltetes <strong>Marktgutachten<\/strong> bewertet die Markt und Technologietrends im Umfeld der auszuschreibenden L\u00f6sung. Im sp\u00e4teren Ausschreibungsverfahren werden Trends und Entwicklungen optimal ber\u00fccksichtigt. Das Marktgutachten unterst\u00fctzt dar\u00fcber hinaus bei der Wahl des geeignet Ausschreibungsverfahrens (z.B. vorgeschalteter Bieter-Wettbewer).<\/p>\n\n\n\n<h2 class=\"wp-block-heading\">Leistungsbeschreibung, Kriterienkatalog<\/h2>\n\n\n\n<p>Auf Grundlage der Bestandsaufnahme, eines evtl. erarbeiteten Marktgutachtens und den ermittelten Anforderungen werden die technische <strong>Leistungsbeschreibung<\/strong> und der <strong>Kriterienkatalog<\/strong> erstellt. In Zusammenarbeit mit dem Kunden werden ebenso die <strong>Bewertungskriterien<\/strong> festgelegt und beschrieben. <\/p>\n\n\n\n<h2 class=\"wp-block-heading\">Ausschreibungsverfahren (Unterst\u00fctzung)<\/h2>\n\n\n\n<p>Im Ausschreibungsverfahren wird der Kunde in der Bieter-Kommunikation (z.B. <strong>Bieterfragen<\/strong>, <strong>Bieterfragekatalog<\/strong>) fachlich unterst\u00fctzt und beraten. Sollten die Bieter zu einer Pr\u00e4sentation geladen werden, wird der Auftraggeber in der Vorbereitung und Durchf\u00fchrung unterst\u00fctzt.<br>Im Rahmen der <strong>Zuschlagserteilung<\/strong> wird der Auftraggeber ebenfalls fachlich unterst\u00fctzt. <\/p>\n\n\n\n<h2 class=\"wp-block-heading\">Projekt Kick-Off und Leistungsabnahme<\/h2>\n\n\n\n<p>Nach Zuschlag wird der Auftraggeber bei der Durchf\u00fchrung des ersten Projekt Kick-Off fachlich ebenso unterst\u00fctzt wie bei der abschlie\u00dfenden Leistungsabnahme gegen\u00fcber dem Auftragnehmer. <\/p>\n","protected":false},"excerpt":{"rendered":"<p>Fachliche Unterst\u00fctzung und Begleitung von europaweiten IT-Ausschreibungsverfahren f\u00fcr Enterprise Data Center und Cloud Technologie. Schwerpunkte der Ausschreibungsunterst\u00fctzung sind: Bestandsaufnahme, Marktgutachten In Zusammenarbeit mit dem Kunden wird im Vorfeld eine Bestandsaufnahme durchgef\u00fchrt und die Eckpunkte einer k\u00fcnftigen Strategiefest gelegt. Ein vorgeschaltetes Marktgutachten bewertet die Markt und Technologietrends im Umfeld der auszuschreibenden L\u00f6sung. Im sp\u00e4teren Ausschreibungsverfahren werden &hellip; <\/p>\n<p class=\"link-more\"><a href=\"https:\/\/mibeeck.com\/?page_id=393\" class=\"more-link\"><span class=\"screen-reader-text\">\u201eIT-Ausschreibung und Marktgutachten\u201c<\/span> weiterlesen<\/a><\/p>\n","protected":false},"author":1,"featured_media":0,"parent":0,"menu_order":0,"comment_status":"closed","ping_status":"closed","template":"","meta":{"footnotes":""},"class_list":["post-393","page","type-page","status-publish","hentry"],"_links":{"self":[{"href":"https:\/\/mibeeck.com\/index.php?rest_route=\/wp\/v2\/pages\/393","targetHints":{"allow":["GET"]}}],"collection":[{"href":"https:\/\/mibeeck.com\/index.php?rest_route=\/wp\/v2\/pages"}],"about":[{"href":"https:\/\/mibeeck.com\/index.php?rest_route=\/wp\/v2\/types\/page"}],"author":[{"embeddable":true,"href":"https:\/\/mibeeck.com\/index.php?rest_route=\/wp\/v2\/users\/1"}],"replies":[{"embeddable":true,"href":"https:\/\/mibeeck.com\/index.php?rest_route=%2Fwp%2Fv2%2Fcomments&post=393"}],"version-history":[{"count":0,"href":"https:\/\/mibeeck.com\/index.php?rest_route=\/wp\/v2\/pages\/393\/revisions"}],"wp:attachment":[{"href":"https:\/\/mibeeck.com\/index.php?rest_route=%2Fwp%2Fv2%2Fmedia&parent=393"}],"curies":[{"name":"wp","href":"https:\/\/api.w.org\/{rel}","templated":true}]}}